{"id":245,"date":"2021-03-16T13:05:49","date_gmt":"2021-03-16T16:05:49","guid":{"rendered":"https:\/\/www.unifsa.com.br\/cbcs2021\/?page_id=245"},"modified":"2021-11-30T09:39:24","modified_gmt":"2021-11-30T12:39:24","slug":"sala-de-imprensa-2","status":"publish","type":"page","link":"https:\/\/www.unifsa.com.br\/cbcs2021\/sala-de-imprensa-2\/","title":{"rendered":"Sala de Imprensa"},"content":{"rendered":"\n<figure class=\"wp-block-embed is-type-video is-provider-youtube wp-block-embed-youtube wp-embed-aspect-16-9 wp-has-aspect-ratio\"><div class=\"wp-block-embed__wrapper\">\n<iframe loading=\"lazy\" title=\"Melhores momentos do 2\u00ba CBCS\" width=\"1220\" height=\"686\" src=\"https:\/\/www.youtube.com\/embed\/6W-ecaVkZTo?feature=oembed\" frameborder=\"0\" allow=\"accelerometer; autoplay; clipboard-write; encrypted-media; gyroscope; picture-in-picture\" allowfullscreen><\/iframe>\n<\/div><\/figure>\n\n\n\n<h3 class=\"wp-block-heading\"><strong>Confira as mat\u00e9rias publicadas sobre o 2\u00b0 CBCS<\/strong><\/h3>\n\n\n\n<h2 class=\"wp-block-heading\"><strong>NOVEMBRO<\/strong> <\/h2>\n\n\n\n<p>  <a href=\"https:\/\/unifsa.com.br\/site\/submissoes-de-trabalhos-para-os-grupos-tematicos-do-2-congresso-brasileiro-ciencia-e-sociedade-ate-20-de-agosto\/\">\ud83c\udf0e<\/a> <a href=\"https:\/\/unifsa.com.br\/site\/unifsa-disponibiliza-livros-publicados-no-2o-cbcs-na-biblioteca-da-instituicao\/\">UNIFSA disponibiliza livros publicados no 2\u00ba CBCS na biblioteca da Institui\u00e7\u00e3o<\/a><\/p>\n\n\n\n<p>   <a href=\"https:\/\/unifsa.com.br\/site\/submissoes-de-trabalhos-para-os-grupos-tematicos-do-2-congresso-brasileiro-ciencia-e-sociedade-ate-20-de-agosto\/\">\ud83c\udf0e<\/a>  <a href=\"https:\/\/unifsa.com.br\/site\/anais-do-2o-cbcs-unifsa-sao-publicados\/\">Anais do 2\u00ba CBCS UNIFSA s\u00e3o publicados<\/a><\/p>\n\n\n\n<h2 class=\"wp-block-heading\"><strong>OUTUBRO<\/strong> <\/h2>\n\n\n\n<p>  <a href=\"https:\/\/unifsa.com.br\/site\/submissoes-de-trabalhos-para-os-grupos-tematicos-do-2-congresso-brasileiro-ciencia-e-sociedade-ate-20-de-agosto\/\">\ud83c\udf0e<\/a> <a href=\"https:\/\/unifsa.com.br\/site\/envio-de-certificados-do-2o-cbcs-acontece-no-dia-18-de-outubro\/\">Envio de certificados do 2\u00ba CBCS acontece no dia 18 de outubro<\/a><\/p>\n\n\n\n<p>   <a href=\"https:\/\/unifsa.com.br\/site\/submissoes-de-trabalhos-para-os-grupos-tematicos-do-2-congresso-brasileiro-ciencia-e-sociedade-ate-20-de-agosto\/\">\ud83c\udf0e<\/a> <a href=\"https:\/\/unifsa.com.br\/site\/unifsa-divulga-lista-de-trabalhos-premiados-no-2o-cbcs\/\">UNIFSA divulga lista de trabalhos premiados no 2\u00ba CBCS<\/a><\/p>\n\n\n\n<p>  <a href=\"https:\/\/unifsa.com.br\/site\/submissoes-de-trabalhos-para-os-grupos-tematicos-do-2-congresso-brasileiro-ciencia-e-sociedade-ate-20-de-agosto\/\">\ud83c\udf0e<\/a> <a href=\"https:\/\/www.uespi.br\/site\/?p=150964\">Premia\u00e7\u00e3o: GEDAI apresenta 7 trabalhos em congresso e tem artigo premiado<\/a><\/p>\n\n\n\n<p> <a href=\"https:\/\/unifsa.com.br\/site\/submissoes-de-trabalhos-para-os-grupos-tematicos-do-2-congresso-brasileiro-ciencia-e-sociedade-ate-20-de-agosto\/\">\ud83c\udf0e<\/a> <a href=\"https:\/\/unifsa.com.br\/site\/confira-a-programacao-do-primeiro-dia-do-cbcs-2021\/\">Confira a programa\u00e7\u00e3o do primeiro dia do CBCS 2021<\/a><\/p>\n\n\n\n<p> <a href=\"https:\/\/unifsa.com.br\/site\/submissoes-de-trabalhos-para-os-grupos-tematicos-do-2-congresso-brasileiro-ciencia-e-sociedade-ate-20-de-agosto\/\">\ud83c\udf0e<\/a> <a href=\"https:\/\/unifsa.com.br\/site\/primeiro-dia-do-cbcs-tem-programacao-de-boas-vindas\/\">Primeiro dia do 2\u00ba CBCS t\u00eam programa\u00e7\u00e3o de boas-vindas<\/a><\/p>\n\n\n\n<p> <a href=\"https:\/\/unifsa.com.br\/site\/submissoes-de-trabalhos-para-os-grupos-tematicos-do-2-congresso-brasileiro-ciencia-e-sociedade-ate-20-de-agosto\/\">\ud83c\udf0e<\/a><a href=\"https:\/\/unifsa.com.br\/site\/confira-a-programacao-do-segundo-dia-do-cbcs-2021\/\"> Confira a programa\u00e7\u00e3o do segundo dia do CBCS 2021<\/a><\/p>\n\n\n\n<p> <a href=\"https:\/\/unifsa.com.br\/site\/submissoes-de-trabalhos-para-os-grupos-tematicos-do-2-congresso-brasileiro-ciencia-e-sociedade-ate-20-de-agosto\/\">\ud83c\udf0e<\/a> <a href=\"https:\/\/unifsa.com.br\/site\/confira-os-destaques-do-segundo-dia-do-2o-cbcs\/\">Confira os destaques do segundo dia do 2\u00ba CBCS<\/a><\/p>\n\n\n\n<p> <a href=\"https:\/\/unifsa.com.br\/site\/submissoes-de-trabalhos-para-os-grupos-tematicos-do-2-congresso-brasileiro-ciencia-e-sociedade-ate-20-de-agosto\/\">\ud83c\udf0e<\/a> <a href=\"https:\/\/unifsa.com.br\/site\/confira-a-programacao-do-terceiro-dia-do-cbcs-2021\/\">Confira a programa\u00e7\u00e3o do Terceiro dia do CBCS 2021<\/a><\/p>\n\n\n\n<p> <a href=\"https:\/\/unifsa.com.br\/site\/submissoes-de-trabalhos-para-os-grupos-tematicos-do-2-congresso-brasileiro-ciencia-e-sociedade-ate-20-de-agosto\/\">\ud83c\udf0e<\/a><a href=\"https:\/\/unifsa.com.br\/site\/confira-tudo-que-aconteceu-no-terceiro-dia-de-2o-cbcs\/\"> Confira tudo que aconteceu no terceiro dia de 2\u00ba CBCS<\/a><\/p>\n\n\n\n<p> <a href=\"https:\/\/unifsa.com.br\/site\/submissoes-de-trabalhos-para-os-grupos-tematicos-do-2-congresso-brasileiro-ciencia-e-sociedade-ate-20-de-agosto\/\">\ud83c\udf0e<\/a><a href=\"https:\/\/unifsa.com.br\/site\/confira-a-programacao-de-encerramento-do-cbcs-2021\/\"> Confira a programa\u00e7\u00e3o de Encerramento do CBCS 2021<\/a><\/p>\n\n\n\n<p> <a href=\"https:\/\/unifsa.com.br\/site\/submissoes-de-trabalhos-para-os-grupos-tematicos-do-2-congresso-brasileiro-ciencia-e-sociedade-ate-20-de-agosto\/\">\ud83c\udf0e<\/a><a href=\"https:\/\/unifsa.com.br\/site\/grupos-tematicos-sao-destaque-do-ultimo-dia-de-2o-cbcs\/\"> Grupos Tem\u00e1ticos s\u00e3o destaque do \u00faltimo dia de 2\u00ba CBCS<\/a><\/p>\n\n\n\n<p> <a href=\"https:\/\/unifsa.com.br\/site\/submissoes-de-trabalhos-para-os-grupos-tematicos-do-2-congresso-brasileiro-ciencia-e-sociedade-ate-20-de-agosto\/\">\ud83c\udf0e<\/a><a href=\"https:\/\/unifsa.com.br\/site\/2o-cbcs-encerra-com-conferencia-sobre-ciencia-e-momentos-de-emocao-e-gratidao\/\"> 2\u00ba CBCS encerra com confer\u00eancia sobre ci\u00eancia e momentos de emo\u00e7\u00e3o e gratid\u00e3o<\/a><\/p>\n\n\n\n<h2 class=\"wp-block-heading\"><strong>SETEMBRO<\/strong> <\/h2>\n\n\n\n<p>  <a href=\"https:\/\/unifsa.com.br\/site\/submissoes-de-trabalhos-para-os-grupos-tematicos-do-2-congresso-brasileiro-ciencia-e-sociedade-ate-20-de-agosto\/\">\ud83c\udf0e<\/a> <a href=\"https:\/\/unifsa.com.br\/site\/mesas-virtuais-do-2-cbcs-tem-participacao-de-especialistas-internacionais\/\">Mesas virtuais do 2\u00b0 CBCS t\u00eam participa\u00e7\u00e3o de especialistas internacionais<\/a><\/p>\n\n\n\n<p> <a href=\"https:\/\/unifsa.com.br\/site\/submissoes-de-trabalhos-para-os-grupos-tematicos-do-2-congresso-brasileiro-ciencia-e-sociedade-ate-20-de-agosto\/\">\ud83c\udf0e<\/a> <a href=\"https:\/\/unifsa.com.br\/site\/divulgado-edital-de-lancamento-de-livros-revistas-e-e-books-no-2-cbcs\/\">Divulgado edital de lan\u00e7amento de livros, revistas e e-books no 2\u00b0 CBCS<\/a><\/p>\n\n\n\n<p> <a href=\"https:\/\/unifsa.com.br\/site\/submissoes-de-trabalhos-para-os-grupos-tematicos-do-2-congresso-brasileiro-ciencia-e-sociedade-ate-20-de-agosto\/\">\ud83c\udf0e<\/a> <a href=\"https:\/\/unifsa.com.br\/site\/grupos-tematicos-do-2o-cbcs-garantem-um-doi-por-trabalho-aprovado\/\">Grupos Tem\u00e1ticos do 2\u00ba CBCS garantem um DOI por trabalho aprovado<\/a><\/p>\n\n\n\n<p> <a href=\"https:\/\/unifsa.com.br\/site\/submissoes-de-trabalhos-para-os-grupos-tematicos-do-2-congresso-brasileiro-ciencia-e-sociedade-ate-20-de-agosto\/\">\ud83c\udf0e<\/a> <a href=\"https:\/\/unifsa.com.br\/site\/prazo-de-submissao-de-trabalhos-para-os-grupos-tematicos-do-2-cbcs-encerra-nesta-quarta-feira-15-de-setembro\/\">Prazo de submiss\u00e3o de trabalho para os GTs do 2\u00ba CBCS encerra nesta quarta-feira(15)<\/a><\/p>\n\n\n\n<p> <a href=\"https:\/\/unifsa.com.br\/site\/submissoes-de-trabalhos-para-os-grupos-tematicos-do-2-congresso-brasileiro-ciencia-e-sociedade-ate-20-de-agosto\/\">\ud83c\udf0e<\/a> <a href=\"https:\/\/unifsa.com.br\/site\/unifsa-divulga-resultado-de-edital-de-lancamento-de-livros-revistas-e-e-books-no-2o-cbcs\/\">UNIFSA divulga resultado de edital de lan\u00e7amentos de livros, revistas e E-books no 2\u00ba CBC<\/a>S<\/p>\n\n\n\n<p> <a href=\"https:\/\/unifsa.com.br\/site\/submissoes-de-trabalhos-para-os-grupos-tematicos-do-2-congresso-brasileiro-ciencia-e-sociedade-ate-20-de-agosto\/\">\ud83c\udf0e<\/a> <a href=\"https:\/\/unifsa.com.br\/site\/2o-cbcs-conta-com-dez-minicursos-em-sua-programacao\/\">2\u00ba CBCS conta com dez minicursos em sua programa\u00e7\u00e3o<\/a><\/p>\n\n\n\n<p>  <a href=\"https:\/\/unifsa.com.br\/site\/submissoes-de-trabalhos-para-os-grupos-tematicos-do-2-congresso-brasileiro-ciencia-e-sociedade-ate-20-de-agosto\/\">\ud83c\udf0e<\/a> <a href=\"https:\/\/unifsa.com.br\/site\/prof-dr-durval-muniz-de-albuquerque-junior-destaca-praticas-sociais-da-atualidade-brasileira-em-conferencia-magna-de-abertura\/\">Prof. Dr. Durval Muniz de Albuquerque J\u00fanior destaca pr\u00e1ticas sociais da atualidade brasileira em confer\u00eancia magna de abertura<\/a><\/p>\n\n\n\n<p><a href=\"https:\/\/unifsa.com.br\/site\/submissoes-de-trabalhos-para-os-grupos-tematicos-do-2-congresso-brasileiro-ciencia-e-sociedade-ate-20-de-agosto\/\">\ud83c\udf0e<\/a> <a href=\"https:\/\/unifsa.com.br\/site\/2-cbcs-inicia-com-palavra-de-autoridade-a-importancia-da-ciencia\/\">Presidente da Sociedade Brasileira para o Progresso da Ci\u00eancia(SBPC) participa de abertura do 2\u00ba CBCS &nbsp;com Palavra de Autoridade<\/a><\/p>\n\n\n\n<h2 class=\"wp-block-heading\"><strong>AGOSTO<\/strong> <\/h2>\n\n\n\n<p><a href=\"https:\/\/unifsa.com.br\/site\/submissoes-de-trabalhos-para-os-grupos-tematicos-do-2-congresso-brasileiro-ciencia-e-sociedade-ate-20-de-agosto\/\"> \ud83c\udf0e  Submiss\u00f5es de trabalhos para os grupos tem\u00e1ticos do 2\u00b0 Congresso Brasileiro Ci\u00eancia e Sociedade at\u00e9 20 de agosto<\/a><\/p>\n\n\n\n<p> <a href=\"https:\/\/unifsa.com.br\/site\/a-atuacao-do-nutricionista-e-do-educador-fisico-em-tempos-de-pandemia-e-tema-de-minicurso-no-2-cbcs\/?preview_id=7241&amp;preview_nonce=d403950598&amp;preview=true&amp;_thumbnail_id=7244\">\ud83c\udf0e<\/a>  <a href=\"https:\/\/unifsa.com.br\/site\/prazo-de-submissoes-de-trabalhos-para-os-grupos-tematicos-do-2-congresso-brasileiro-ciencia-e-sociedade-prorrogado-ate-15-de-setembro\/\">Prazo de submiss\u00e3o de trabalhos para os grupos tem\u00e1ticos do 2\u00b0 CBCS prorrogado at\u00e9 15 de setembro<\/a><\/p>\n\n\n\n<h2 class=\"wp-block-heading\"><strong>JUNHO<\/strong><\/h2>\n\n\n\n<p> <a href=\"https:\/\/unifsa.com.br\/site\/a-atuacao-do-nutricionista-e-do-educador-fisico-em-tempos-de-pandemia-e-tema-de-minicurso-no-2-cbcs\/?preview_id=7241&amp;preview_nonce=d403950598&amp;preview=true&amp;_thumbnail_id=7244\">\ud83c\udf0e<\/a> <a href=\"https:\/\/unifsa.com.br\/site\/revisao-sistematica-de-ensaios-clinicos-randomizados-sera-abordada-em-minicurso-do-2-cbcs\/\">Revis\u00e3o Sistem\u00e1tica de Ensaios Cl\u00ednicos Randomizados ser\u00e1 abordada em minicurso do 2\u00b0 CBCS<\/a><\/p>\n\n\n\n<p> <a href=\"https:\/\/unifsa.com.br\/site\/a-atuacao-do-nutricionista-e-do-educador-fisico-em-tempos-de-pandemia-e-tema-de-minicurso-no-2-cbcs\/?preview_id=7241&amp;preview_nonce=d403950598&amp;preview=true&amp;_thumbnail_id=7244\">\ud83c\udf0e<\/a><a href=\"https:\/\/unifsa.com.br\/site\/gestao-energetica-em-habitacoes-populares-e-tratada-em-minicurso-do-2-cbcs\/\"> Gest\u00e3o Energ\u00e9tica em Habita\u00e7\u00f5es Populares \u00e9 tratada em minicurso do 2\u00b0 CBCS<\/a><\/p>\n\n\n\n<p class=\"has-luminous-vivid-amber-color has-text-color\"><a href=\"https:\/\/unifsa.com.br\/site\/a-atuacao-do-nutricionista-e-do-educador-fisico-em-tempos-de-pandemia-e-tema-de-minicurso-no-2-cbcs\/?preview_id=7241&amp;preview_nonce=d403950598&amp;preview=true&amp;_thumbnail_id=7244\">\ud83c\udf0e<\/a> <a href=\"https:\/\/unifsa.com.br\/site\/minicurso-no-2-cbcs-discute-aspectos-eticos-e-aplicacoes-de-ferramentas-tecnologicas-em-pesquisa\/\">Minicurso no 2\u00b0 CBCS discute aspectos \u00e9ticos e aplica\u00e7\u00f5es de ferramentas tecnol\u00f3gicas em pesquisa<\/a><\/p>\n\n\n\n<p class=\"has-luminous-vivid-amber-color has-text-color\"> <a href=\"https:\/\/unifsa.com.br\/site\/a-atuacao-do-nutricionista-e-do-educador-fisico-em-tempos-de-pandemia-e-tema-de-minicurso-no-2-cbcs\/?preview_id=7241&amp;preview_nonce=d403950598&amp;preview=true&amp;_thumbnail_id=7244\">\ud83c\udf0e<\/a> <a href=\"https:\/\/unifsa.com.br\/site\/os-objetivos-do-desenvolvimento-sustentavel-com-praticas-tecnologicas-e-tema-de-minicurso-no-2-cbcs\/\" data-type=\"URL\" data-id=\"https:\/\/unifsa.com.br\/site\/os-objetivos-do-desenvolvimento-sustentavel-com-praticas-tecnologicas-e-tema-de-minicurso-no-2-cbcs\/\" target=\"_blank\" rel=\"noreferrer noopener\">Os Objetivos do Desenvolvimento Sustent\u00e1vel com pr\u00e1ticas tecnol\u00f3gicas \u00e9 tema de minicurso NO 2\u00b0 CBCS<\/a><\/p>\n\n\n\n<p class=\"has-luminous-vivid-amber-color has-text-color\"><a href=\"https:\/\/unifsa.com.br\/site\/a-atuacao-do-nutricionista-e-do-educador-fisico-em-tempos-de-pandemia-e-tema-de-minicurso-no-2-cbcs\/?preview_id=7241&amp;preview_nonce=d403950598&amp;preview=true&amp;_thumbnail_id=7244\">\ud83c\udf0e<\/a> <a href=\"https:\/\/unifsa.com.br\/site\/minicurso-do-2-cbcs-aborda-a-articulacao-de-novas-tecnologias-no-cuidado-a-pessoas-com-dificuldades-decorrentes-do-uso-de-alcool-crack-e-outras-drogas\/\" data-type=\"URL\" data-id=\"https:\/\/unifsa.com.br\/site\/minicurso-do-2-cbcs-aborda-a-articulacao-de-novas-tecnologias-no-cuidado-a-pessoas-com-dificuldades-decorrentes-do-uso-de-alcool-crack-e-outras-drogas\/\">Minicurso do 2\u00b0 CBCS aborda a articula\u00e7\u00e3o de novas tecnologias no cuidado a pessoas com dificuldades decorrentes do uso de \u00e1lcool, crack e outras drogas<\/a><\/p>\n\n\n\n<p class=\"has-luminous-vivid-amber-color has-text-color\"><a href=\"https:\/\/unifsa.com.br\/site\/a-atuacao-do-nutricionista-e-do-educador-fisico-em-tempos-de-pandemia-e-tema-de-minicurso-no-2-cbcs\/?preview_id=7241&amp;preview_nonce=d403950598&amp;preview=true&amp;_thumbnail_id=7244\">\ud83c\udf0e<\/a><a href=\"https:\/\/unifsa.com.br\/site\/convocacao-de-monitores-selecionados-para-o-2-congresso-brasileiro-ciencia-e-sociedade-cbcs\/\" data-type=\"URL\" target=\"_blank\" rel=\"noreferrer noopener\"> Convoca\u00e7\u00e3o de monitores selecionados para o 2\u00b0 Congresso Brasileiro Ci\u00eancia E Sociedade (CBCS)<\/a><\/p>\n\n\n\n<p class=\"has-luminous-vivid-amber-color has-text-color\"><a href=\"https:\/\/unifsa.com.br\/site\/a-atuacao-do-nutricionista-e-do-educador-fisico-em-tempos-de-pandemia-e-tema-de-minicurso-no-2-cbcs\/\" data-type=\"URL\" target=\"_blank\" rel=\"noreferrer noopener\">\ud83c\udf0e A atua\u00e7\u00e3o do Nutricionista e do Educador F\u00edsico em tempos de pandemia \u00e9 tema de minicurso no 2\u00b0 CBCS<\/a><\/p>\n\n\n\n<p class=\"has-luminous-vivid-amber-color has-text-color\">\ud83c\udf0e <a href=\"https:\/\/unifsa.com.br\/site\/reuniao-de-monitores-selecionados-para-o-2-congresso-brasileiro-ciencia-e-sociedade-cbcs\/\" target=\"_blank\" rel=\"noreferrer noopener\">Reuni\u00e3o de monitores selecionados para o 2\u00b0 Congresso Brasileiro Ci\u00eancia e Sociedade (CBCS)<\/a><\/p>\n\n\n\n<p class=\"has-luminous-vivid-amber-color has-text-color\">\ud83c\udf0e <a rel=\"noreferrer noopener\" href=\"https:\/\/unifsa.com.br\/site\/processo-judicial-eletronico-e-tema-de-minicurso-do-2-cbcs\/\" target=\"_blank\">Processo Judicial Eletr\u00f4nico \u00e9 tema de minicurso do 2\u00b0 CBCS<\/a><\/p>\n\n\n\n<h2 class=\"wp-block-heading\"><strong>MAIO<\/strong><\/h2>\n\n\n\n<p class=\"has-luminous-vivid-amber-color has-text-color\">\ud83c\udf0e <a href=\"https:\/\/unifsa.com.br\/site\/representacao-grafica-de-detalhes-construtivos-e-de-acessibilidade-sera-tema-de-minicurso-no-2-cbcs\/\" target=\"_blank\" rel=\"noreferrer noopener\">Representa\u00e7\u00e3o gr\u00e1fica de detalhes construtivos e de acessibilidade ser\u00e1 tema de minicurso no 2\u00b0 CBCS<\/a><\/p>\n\n\n\n<p class=\"has-luminous-vivid-amber-color has-text-color\">\ud83c\udf0e <a rel=\"noreferrer noopener\" href=\"https:\/\/unifsa.com.br\/site\/estrategias-no-planejamento-farmacologico-e-biotecnologia-e-tema-de-minicurso-no-2-cbcs\/\" target=\"_blank\">Estrat\u00e9gias no planejamento Farmacol\u00f3gico e Biotecnologia \u00e9 tema de minicurso no 2\u00b0 CBCS<\/a><\/p>\n\n\n\n<p>\ud83c\udf0e <a rel=\"noreferrer noopener\" href=\"https:\/\/unifsa.com.br\/site\/estetica-do-sorriso-e-os-impactos-sobre-a-autoestima-do-individuo-e-tema-de-minicurso-do-2o-cbcs\/\" target=\"_blank\"><span class=\"has-inline-color has-luminous-vivid-amber-color\">Est\u00e9tica do sorriso e os impactos sobre a autoestima do indiv\u00edduo \u00e9 tema de minicurso do 2\u00ba CBCS<\/span><\/a><\/p>\n\n\n\n<p>\ud83c\udf0e <a href=\"https:\/\/unifsa.com.br\/site\/7127-2\/\"><span class=\"has-inline-color has-luminous-vivid-amber-color\">Inscri\u00e7\u00f5es abertas para envio de trabalhos para os grupos tem\u00e1ticos do 2\u00b0 Congresso Brasileiro Ci\u00eancia e Sociedade<\/span><\/a><\/p>\n\n\n\n<h2 class=\"wp-block-heading\"><strong>ABRIL<\/strong><\/h2>\n\n\n\n<p>\ud83c\udf0e <a href=\"https:\/\/unifsa.com.br\/site\/2-congresso-brasileiro-ciencia-e-sociedade-divulga-lista-de-monitores-aprovados\/\" target=\"_blank\" rel=\"noreferrer noopener\"><span class=\"has-inline-color has-luminous-vivid-amber-color\">2\u00b0 Congresso Brasileiro Ci\u00eancia e Sociedade divulga lista de monitores aprovados<\/span><\/a><\/p>\n\n\n\n<p>\ud83c\udf0e <a href=\"https:\/\/unifsa.com.br\/site\/estao-abertas-as-inscricoes-para-a-monitoria-do-2-cbcs-e-da-19a-semana-cientifica\/\"><span class=\"has-inline-color has-luminous-vivid-amber-color\">Est\u00e3o abertas as inscri\u00e7\u00f5es para a monitoria do 2\u00b0 CBCS e da 19\u00aa Semana Cient\u00edfica<\/span><\/a><\/p>\n\n\n\n<h2 class=\"wp-block-heading\"><strong>MAR\u00c7O<\/strong><\/h2>\n\n\n\n<p>\ud83c\udf0e <a rel=\"noreferrer noopener\" href=\"https:\/\/unifsa.com.br\/site\/estao-abertas-as-inscricoes-para-participantes-do-2o-congresso-brasileiro-ciencia-e-sociedade\/\" target=\"_blank\"><span class=\"has-inline-color has-luminous-vivid-amber-color\">Est\u00e3o abertas as inscri\u00e7\u00f5es para participantes do 2\u00ba Congresso Brasileiro Ci\u00eancia e Sociedade<\/span><\/a><\/p>\n\n\n\n<p>\ud83c\udf0e <a rel=\"noreferrer noopener\" href=\"https:\/\/unifsa.com.br\/site\/estao-abertas-as-inscricoes-para-submissao-de-propostas-de-grupos-tematicos-gts-do-2o-congresso-brasileiro-ciencia-e-sociedade\/\" target=\"_blank\"><span class=\"has-inline-color has-luminous-vivid-amber-color\">Est\u00e3o abertas as inscri\u00e7\u00f5es para submiss\u00e3o de propostas de Grupos Tem\u00e1ticos (GTs) do 2\u00ba Congresso Brasileiro Ci\u00eancia e Sociedade<\/span><\/a><\/p>\n\n\n\n<p>\ud83c\udf0e <a rel=\"noreferrer noopener\" href=\"https:\/\/unifsa.com.br\/site\/confira-o-resultado-final-para-membros-do-comite-cientifico-do-2o-congresso-brasileiro-ciencia-e-sociedade-cbcs\/\" target=\"_blank\"><span class=\"has-inline-color has-luminous-vivid-amber-color\">Confira o resultado final para membros do Comit\u00ea Cient\u00edfico do 2\u00ba Congresso Brasileiro Ci\u00eancia e Sociedade (CBCS)<\/span><\/a><\/p>\n\n\n\n<h2 class=\"wp-block-heading\"><strong>FEVEREIRO<\/strong><\/h2>\n\n\n\n<p>\ud83c\udf0e <a rel=\"noreferrer noopener\" href=\"https:\/\/unifsa.com.br\/site\/edital-de-inscricao-de-membro-de-comite-cientifico-do-ii-congresso-brasileiro-ciencia-e-sociedade\/\" target=\"_blank\"><span class=\"has-inline-color has-luminous-vivid-amber-color\">Edital de inscri\u00e7\u00e3o de membro do Comit\u00ea Cient\u00edfico do 2\u00b0 Congresso Brasileiro Ci\u00eancia e Sociedade<\/span><\/a><\/p>\n\n\n\n<p>\ud83c\udf0e <a rel=\"noreferrer noopener\" href=\"https:\/\/unifsa.com.br\/site\/unifsa-realizara-o-ii-congresso-brasileiro-ciencia-e-sociedade-em-outubro\/\" target=\"_blank\"><span class=\"has-inline-color has-luminous-vivid-amber-color\">UNIFSA realizar\u00e1 o 2\u00b0 Congresso Brasileiro Ci\u00eancia e Sociedade em outubro<\/span><\/a><\/p>\n\n\n\n<h2 class=\"wp-block-heading\"><strong>JANEIRO<\/strong><\/h2>\n\n\n\n<p>\ud83c\udf0e <a rel=\"noreferrer noopener\" href=\"https:\/\/unifsa.com.br\/site\/novos-editais-do-nip-e-eventos-como-o-ii-cbcs-e-a-xix-sec-sao-lancados-durante-o-encontro-pedagogico-2021-1\/\" target=\"_blank\"><span class=\"has-inline-color has-luminous-vivid-amber-color\">Novos Editais do NIP e eventos como o 2\u00b0 CBCS e a XIX SEC s\u00e3o lan\u00e7ados durante o Encontro Pedag\u00f3gico 2021.1<\/span><\/a><\/p>\n","protected":false},"excerpt":{"rendered":"<p>Confira as mat\u00e9rias publicadas sobre o 2\u00b0 CBCS NOVEMBRO \ud83c\udf0e UNIFSA disponibiliza livros publicados no 2\u00ba CBCS na biblioteca da Institui\u00e7\u00e3o \ud83c\udf0e Anais do 2\u00ba CBCS<span class=\"excerpt-hellip\"> [\u2026]<\/span><\/p>\n","protected":false},"author":2,"featured_media":0,"parent":0,"menu_order":0,"comment_status":"closed","ping_status":"closed","template":"","meta":{"footnotes":""},"class_list":["post-245","page","type-page","status-publish","hentry"],"_links":{"self":[{"href":"https:\/\/www.unifsa.com.br\/cbcs2021\/wp-json\/wp\/v2\/pages\/245","targetHints":{"allow":["GET"]}}],"collection":[{"href":"https:\/\/www.unifsa.com.br\/cbcs2021\/wp-json\/wp\/v2\/pages"}],"about":[{"href":"https:\/\/www.unifsa.com.br\/cbcs2021\/wp-json\/wp\/v2\/types\/page"}],"author":[{"embeddable":true,"href":"https:\/\/www.unifsa.com.br\/cbcs2021\/wp-json\/wp\/v2\/users\/2"}],"replies":[{"embeddable":true,"href":"https:\/\/www.unifsa.com.br\/cbcs2021\/wp-json\/wp\/v2\/comments?post=245"}],"version-history":[{"count":39,"href":"https:\/\/www.unifsa.com.br\/cbcs2021\/wp-json\/wp\/v2\/pages\/245\/revisions"}],"predecessor-version":[{"id":791,"href":"https:\/\/www.unifsa.com.br\/cbcs2021\/wp-json\/wp\/v2\/pages\/245\/revisions\/791"}],"wp:attachment":[{"href":"https:\/\/www.unifsa.com.br\/cbcs2021\/wp-json\/wp\/v2\/media?parent=245"}],"curies":[{"name":"wp","href":"https:\/\/api.w.org\/{rel}","templated":true}]}}