{"id":231,"date":"2021-03-15T12:54:22","date_gmt":"2021-03-15T15:54:22","guid":{"rendered":"https:\/\/www.unifsa.com.br\/cbcs2021\/?page_id=231"},"modified":"2021-06-28T11:22:23","modified_gmt":"2021-06-28T14:22:23","slug":"minicursos","status":"publish","type":"page","link":"https:\/\/www.unifsa.com.br\/cbcs2021\/minicursos\/","title":{"rendered":"Minicursos"},"content":{"rendered":"\n<p><strong>Os minicursos do 2\u00b0 CBCS representam uma oportunidade para o aprofundamento e a imers\u00e3o em temas atuais das diversas \u00e1reas do conhecimento.<\/strong><\/p>\n\n\n\n<p><strong>Eles foram especialmente preparados por professores especialistas no assunto abordado e trazem metodologia adequada para o conte\u00fado e o momento em que estamos vivendo.<\/strong><\/p>\n\n\n\n<p><strong>Pense nisso e, quando for disponibilizado o per\u00edodo de inscri\u00e7\u00f5es, fa\u00e7a suas escolhas! \u2714<\/strong><\/p>\n\n\n\n<div class=\"wp-block-image\"><figure class=\"aligncenter size-large is-resized\"><img loading=\"lazy\" decoding=\"async\" src=\"https:\/\/www.unifsa.com.br\/cbcs2021\/wp-content\/uploads\/2021\/05\/WhatsApp-Image-2021-05-06-at-11.57.52-719x1024.jpeg\" alt=\"\" class=\"wp-image-416\" width=\"722\" height=\"1029\" srcset=\"https:\/\/www.unifsa.com.br\/cbcs2021\/wp-content\/uploads\/2021\/05\/WhatsApp-Image-2021-05-06-at-11.57.52-719x1024.jpeg 719w, https:\/\/www.unifsa.com.br\/cbcs2021\/wp-content\/uploads\/2021\/05\/WhatsApp-Image-2021-05-06-at-11.57.52-211x300.jpeg 211w, https:\/\/www.unifsa.com.br\/cbcs2021\/wp-content\/uploads\/2021\/05\/WhatsApp-Image-2021-05-06-at-11.57.52-768x1093.jpeg 768w, https:\/\/www.unifsa.com.br\/cbcs2021\/wp-content\/uploads\/2021\/05\/WhatsApp-Image-2021-05-06-at-11.57.52-103x146.jpeg 103w, https:\/\/www.unifsa.com.br\/cbcs2021\/wp-content\/uploads\/2021\/05\/WhatsApp-Image-2021-05-06-at-11.57.52-35x50.jpeg 35w, https:\/\/www.unifsa.com.br\/cbcs2021\/wp-content\/uploads\/2021\/05\/WhatsApp-Image-2021-05-06-at-11.57.52-53x75.jpeg 53w, https:\/\/www.unifsa.com.br\/cbcs2021\/wp-content\/uploads\/2021\/05\/WhatsApp-Image-2021-05-06-at-11.57.52.jpeg 899w\" sizes=\"auto, (max-width: 722px) 100vw, 722px\" \/><\/figure><\/div>\n\n\n\n<p><\/p>\n\n\n\n<p><\/p>\n\n\n\n<p><\/p>\n\n\n\n<p><\/p>\n\n\n\n<p><strong><span class=\"has-inline-color has-luminous-vivid-amber-color\">6 DE OUTUBRO DE 202<\/span><\/strong><span class=\"has-inline-color has-luminous-vivid-amber-color\">1<\/span><\/p>\n\n\n\n<p><\/p>\n\n\n\n<p><\/p>\n\n\n\n<p><\/p>\n\n\n\n<p><\/p>\n\n\n\n<p><\/p>\n\n\n\n<p><\/p>\n\n\n\n<p><\/p>\n\n\n\n<p><\/p>\n\n\n\n<p><\/p>\n\n\n\n<p><\/p>\n\n\n\n<p><\/p>\n\n\n\n<p><\/p>\n\n\n\n<p><\/p>\n\n\n\n<p><\/p>\n\n\n\n<p><\/p>\n\n\n\n<p><strong><span class=\"has-inline-color has-white-color\">TURNO MANH\u00c3<br>Hor\u00e1rio: 9h \u00e0s 12h<\/span><\/strong><\/p>\n\n\n\n<p>ESTRAT\u00c9GIAS NO PLANEJAMENTO FARMACOL\u00d3GICO E BIOTECNOLOGIA: APLICA\u00c7\u00d5ES EM DOEN\u00c7AS INFECCIOSAS COM \u00caNFASE NA COVID-19<br>Ministrantes:<br><a rel=\"noreferrer noopener\" href=\"http:\/\/lattes.cnpq.br\/4538088028680882\" target=\"_blank\">Prof. Dr. Manoel Pinheiro Lucio Neto<\/a><br><a rel=\"noreferrer noopener\" href=\"http:\/\/lattes.cnpq.br\/6009138640454211\" target=\"_blank\">Prof. Me. Adolfo Marcito Campos de Oliveira<\/a><\/p>\n\n\n\n<p>DEVOLVENDO A EST\u00c9TICA DO SORRISO: IMPACTO SOBRE A AUTOESTIMA E INSER\u00c7\u00c3O SOCIAL DO INDIV\u00cdDUO<br>Ministrantes:<br><a rel=\"noreferrer noopener\" href=\"http:\/\/lattes.cnpq.br\/1028494211819033\" target=\"_blank\">Prof. Dr. Greg\u00f3rio Ant\u00f4nio Soares Martins<\/a><br><a rel=\"noreferrer noopener\" href=\"http:\/\/lattes.cnpq.br\/1883182009904038\" target=\"_blank\">Prof. Dr. Patrick Veras Quelemes<\/a><br><\/p>\n\n\n\n<p>REVIS\u00c3O SISTEM\u00c1TICA DE ENSAIOS CL\u00cdNICOS RANDOMIZADOS<br>Ministrantes:<br><a rel=\"noreferrer noopener\" href=\"http:\/\/lattes.cnpq.br\/8784011279947485\" target=\"_blank\">Prof. Dr. Nelson Jorge Carvalho Batista<\/a><br><a rel=\"noreferrer noopener\" href=\"http:\/\/lattes.cnpq.br\/2341215054768839\" target=\"_blank\">Profa. Ma. Patricia Lima Ventura<\/a><\/p>\n\n\n\n<p><\/p>\n\n\n\n<p><\/p>\n\n\n\n<p><br><strong><span class=\"has-inline-color has-white-color\">TURNO TARDE<br>Hor\u00e1rio: 15h \u00e0s 18h<\/span><\/strong><\/p>\n\n\n\n<p>REPRESENTA\u00c7\u00c3O GR\u00c1FICA DE DETALHES CONSTRUTIVOS E DE ACESSIBILIDADE EM AUTOCAD<br>Ministrantes:<br><a rel=\"noreferrer noopener\" href=\"http:\/\/lattes.cnpq.br\/7055022066763063\" target=\"_blank\">Prof. Me. Igo Yossi Lima Fonseca<\/a><br><a rel=\"noreferrer noopener\" href=\"http:\/\/lattes.cnpq.br\/1198644166316578\" target=\"_blank\">Profa. Esp. V\u00e9rika Michele de P\u00e1dua Rios Magalh\u00e3es<\/a><br><\/p>\n\n\n\n<p>PROCESSO JUDICIAL ELETR\u00d4NICO<br>Ministrantes:<br><a rel=\"noreferrer noopener\" href=\"http:\/\/lattes.cnpq.br\/9427794184545254\" target=\"_blank\">Prof. Me. Fabr\u00edcio de Farias Carvalho<br><\/a><a rel=\"noreferrer noopener\" href=\"http:\/\/lattes.cnpq.br\/7418626605380398\" target=\"_blank\">Prof. Me. Gustavo Lu\u00eds Mendes Tupinamb\u00e1 Rodrigues<\/a><br><\/p>\n\n\n\n<p>ATUA\u00c7\u00c3O PROFISSIONAL DE NUTRICIONISTAS E PROFISSIONAIS DE EDUCA\u00c7\u00c3O F\u00cdSICA EM FACE DA PANDEMIA DA COVID-19<br>Ministrantes:<br><a rel=\"noreferrer noopener\" href=\"http:\/\/lattes.cnpq.br\/3916790331038294\" data-type=\"URL\" data-id=\"http:\/\/lattes.cnpq.br\/3916790331038294\" target=\"_blank\">Profa. Dra. Odara Maria de Sousa S\u00e1<\/a><br><a rel=\"noreferrer noopener\" href=\"http:\/\/lattes.cnpq.br\/5298380377588942\" target=\"_blank\">Prof. Me. Ant\u00f4nio Carlos Leal Cortez<\/a><br><\/p>\n\n\n\n<p>PESSOAS COM DIFICULDADES DECORRENTES DO USO DE \u00c1LCOOL, CRACK E OUTRAS DROGAS E A ARTICULA\u00c7\u00c3O DE NOVAS TECNOLOGIAS NO CUIDADO EM SA\u00daDE<br>Ministrantes:<br><a rel=\"noreferrer noopener\" href=\"http:\/\/lattes.cnpq.br\/7257340139680250\" target=\"_blank\">Prof. Dr. Emanoel Jose Batista de Lima<\/a><br><a rel=\"noreferrer noopener\" href=\"http:\/\/lattes.cnpq.br\/5740923612809198\" target=\"_blank\">Profa. Ma. Samila Marques Le\u00e3o<\/a><\/p>\n\n\n\n<p><br><\/p>\n\n\n\n<p><strong><span class=\"has-inline-color has-white-color\">TURNO NOITE<br>Hor\u00e1rio:  19h \u00e0s 22h<\/span><\/strong><\/p>\n\n\n\n<p>DESDOBRAMENTO DOS OBJETIVOS DO DESENVOLVIMENTO SUSTENT\u00c1VEL (ODS) COM PR\u00c1TICAS TECNOL\u00d3GICAS<br>Ministrantes:<br><a rel=\"noreferrer noopener\" href=\"http:\/\/lattes.cnpq.br\/8102325429220949\" target=\"_blank\">Prof. Me. C\u00edcero Tadeu Tavares Duarte<br><\/a><a rel=\"noreferrer noopener\" href=\"http:\/\/lattes.cnpq.br\/8220036033633661\" target=\"_blank\">Prof. Me. Luis Henrique dos Santos Silva Sousa<\/a><br><\/p>\n\n\n\n<p>ASPECTOS \u00c9TICOS E APLICA\u00c7\u00d5ES DE FERRAMENTAS TECNOL\u00d3GICAS EM PESQUISA COM SERES HUMANOS<br>Ministrantes:<br><a rel=\"noreferrer noopener\" href=\"http:\/\/lattes.cnpq.br\/8227347815366039\" target=\"_blank\">Prof. Me. Rhubens Ewald Moura Ribeiro<\/a><br><a rel=\"noreferrer noopener\" href=\"http:\/\/lattes.cnpq.br\/9941403331466438\" target=\"_blank\">Profa. Ma. Keila Cristiane Batista Bezerra<br><\/a><\/p>\n\n\n\n<p>GEST\u00c3O ENERG\u00c9TICA EM HABITA\u00c7\u00d5ES POPULARES: UMA AN\u00c1LISE DO CONSUMO ENERG\u00c9TICO NECESS\u00c1RIO PARA AS FASES DE FABRICA\u00c7\u00c3O DE INSUMOS, EXECU\u00c7\u00c3O DA OBRA E UTILIZA\u00c7\u00c3O DA EDIFICA\u00c7\u00c3O<br>Ministrantes:<br><a rel=\"noreferrer noopener\" href=\"http:\/\/lattes.cnpq.br\/5802267910869614\" target=\"_blank\">Profa. Ma. Jaciara Carvalho de Sousa Oliveira<\/a><br><a href=\"http:\/\/lattes.cnpq.br\/7871843762022083\">Prof. Me. Danilo Teixeira Mascarenhas de Andrade<\/a><\/p>\n\n\n\n<p><\/p>\n","protected":false},"excerpt":{"rendered":"<p>Os minicursos do 2\u00b0 CBCS representam uma oportunidade para o aprofundamento e a imers\u00e3o em temas atuais das diversas \u00e1reas do conhecimento. Eles foram especialmente preparados<span class=\"excerpt-hellip\"> [\u2026]<\/span><\/p>\n","protected":false},"author":2,"featured_media":0,"parent":0,"menu_order":0,"comment_status":"closed","ping_status":"closed","template":"","meta":{"footnotes":""},"class_list":["post-231","page","type-page","status-publish","hentry"],"_links":{"self":[{"href":"https:\/\/www.unifsa.com.br\/cbcs2021\/wp-json\/wp\/v2\/pages\/231","targetHints":{"allow":["GET"]}}],"collection":[{"href":"https:\/\/www.unifsa.com.br\/cbcs2021\/wp-json\/wp\/v2\/pages"}],"about":[{"href":"https:\/\/www.unifsa.com.br\/cbcs2021\/wp-json\/wp\/v2\/types\/page"}],"author":[{"embeddable":true,"href":"https:\/\/www.unifsa.com.br\/cbcs2021\/wp-json\/wp\/v2\/users\/2"}],"replies":[{"embeddable":true,"href":"https:\/\/www.unifsa.com.br\/cbcs2021\/wp-json\/wp\/v2\/comments?post=231"}],"version-history":[{"count":29,"href":"https:\/\/www.unifsa.com.br\/cbcs2021\/wp-json\/wp\/v2\/pages\/231\/revisions"}],"predecessor-version":[{"id":424,"href":"https:\/\/www.unifsa.com.br\/cbcs2021\/wp-json\/wp\/v2\/pages\/231\/revisions\/424"}],"wp:attachment":[{"href":"https:\/\/www.unifsa.com.br\/cbcs2021\/wp-json\/wp\/v2\/media?parent=231"}],"curies":[{"name":"wp","href":"https:\/\/api.w.org\/{rel}","templated":true}]}}