{"id":228,"date":"2021-03-15T12:51:38","date_gmt":"2021-03-15T15:51:38","guid":{"rendered":"https:\/\/www.unifsa.com.br\/cbcs2021\/?page_id=228"},"modified":"2021-06-26T14:22:11","modified_gmt":"2021-06-26T17:22:11","slug":"editais","status":"publish","type":"page","link":"https:\/\/www.unifsa.com.br\/cbcs2021\/editais\/","title":{"rendered":"Editais"},"content":{"rendered":"\n<h3 class=\"wp-block-heading\">\u00bb<strong> <a href=\"https:\/\/unifsa.com.br\/site\/edital-de-inscricao-de-membro-de-comite-cientifico-do-ii-congresso-brasileiro-ciencia-e-sociedade\/\">Edital de inscri\u00e7\u00e3o para membro do Comit\u00ea Cient\u00edfico<\/a><\/strong><\/h3>\n\n\n\n<h3 class=\"wp-block-heading\">\u00bb<strong> <a href=\"https:\/\/unifsa.com.br\/site\/estao-abertas-as-inscricoes-para-submissao-de-propostas-de-grupos-tematicos-gts-do-2o-congresso-brasileiro-ciencia-e-sociedade\/\">Edital para submiss\u00e3o de propostas para Grupos Tem\u00e1ticos (GTs)<\/a><\/strong><\/h3>\n\n\n\n<h3 class=\"wp-block-heading\">\u00bb <a href=\"https:\/\/www.unifsa.com.br\/cbcs2021\/wp-content\/uploads\/2021\/04\/Prorrogacao-do-Edital-de-submissao-de-GT-para-o-2-CBCS.pdf\"><strong>Aditivo de prorroga\u00e7\u00e3o para submiss\u00e3o de propostas para Grupos Tem\u00e1ticos (GTs)<\/strong><\/a><\/h3>\n\n\n\n<h3 class=\"wp-block-heading\">\u00bb<strong> <a href=\"https:\/\/www.unifsa.com.br\/cbcs2021\/wp-content\/uploads\/2021\/04\/Selecao-de-monitores-para-o-2-CBCS-e-a-XIX-SEC.pdf\">Edital de sele\u00e7\u00e3o para monitores<\/a><\/strong><\/h3>\n\n\n\n<h3 class=\"wp-block-heading\"><strong>\u00bb <a href=\"https:\/\/unifsa.com.br\/site\/2-congresso-brasileiro-ciencia-e-sociedade-divulga-lista-de-monitores-aprovados\/\">Resultado da sele\u00e7\u00e3o para monitores<\/a><\/strong><\/h3>\n\n\n\n<h3 class=\"wp-block-heading\">\u00bb <a href=\"https:\/\/unifsa.com.br\/site\/resultado-da-selecao-de-propostas-de-grupos-tematicos-gts-do-2o-cbcs\/\" target=\"_blank\" rel=\"noreferrer noopener\"><strong>Resultado da sele\u00e7\u00e3o de propostas para GTs<\/strong><\/a><br><\/h3>\n\n\n\n<h3 class=\"wp-block-heading\"><strong>\u00bb<\/strong><a rel=\"noreferrer noopener\" href=\"https:\/\/www.unifsa.com.br\/cbcs2021\/wp-content\/uploads\/2021\/05\/Edital-de-Submissao-de-Trabalhos-para-GTs-2-CBCS-duas-opcoes.pdf\" data-type=\"URL\" data-id=\"https:\/\/www.unifsa.com.br\/cbcs2021\/wp-content\/uploads\/2021\/05\/Edital-de-Submissao-de-Trabalhos-para-GTs-2-CBCS-duas-opcoes.pdf\" target=\"_blank\"><strong> Edital de submiss\u00e3o de trabalhos para os GTs<\/strong><\/a><\/h3>\n","protected":false},"excerpt":{"rendered":"<p>\u00bb Edital de inscri\u00e7\u00e3o para membro do Comit\u00ea Cient\u00edfico \u00bb Edital para submiss\u00e3o de propostas para Grupos Tem\u00e1ticos (GTs) \u00bb Aditivo de prorroga\u00e7\u00e3o para submiss\u00e3o de<span class=\"excerpt-hellip\"> [\u2026]<\/span><\/p>\n","protected":false},"author":2,"featured_media":0,"parent":0,"menu_order":0,"comment_status":"closed","ping_status":"closed","template":"","meta":{"footnotes":""},"class_list":["post-228","page","type-page","status-publish","hentry"],"_links":{"self":[{"href":"https:\/\/www.unifsa.com.br\/cbcs2021\/wp-json\/wp\/v2\/pages\/228","targetHints":{"allow":["GET"]}}],"collection":[{"href":"https:\/\/www.unifsa.com.br\/cbcs2021\/wp-json\/wp\/v2\/pages"}],"about":[{"href":"https:\/\/www.unifsa.com.br\/cbcs2021\/wp-json\/wp\/v2\/types\/page"}],"author":[{"embeddable":true,"href":"https:\/\/www.unifsa.com.br\/cbcs2021\/wp-json\/wp\/v2\/users\/2"}],"replies":[{"embeddable":true,"href":"https:\/\/www.unifsa.com.br\/cbcs2021\/wp-json\/wp\/v2\/comments?post=228"}],"version-history":[{"count":17,"href":"https:\/\/www.unifsa.com.br\/cbcs2021\/wp-json\/wp\/v2\/pages\/228\/revisions"}],"predecessor-version":[{"id":634,"href":"https:\/\/www.unifsa.com.br\/cbcs2021\/wp-json\/wp\/v2\/pages\/228\/revisions\/634"}],"wp:attachment":[{"href":"https:\/\/www.unifsa.com.br\/cbcs2021\/wp-json\/wp\/v2\/media?parent=228"}],"curies":[{"name":"wp","href":"https:\/\/api.w.org\/{rel}","templated":true}]}}