{"id":181,"date":"2021-02-23T11:16:14","date_gmt":"2021-02-23T14:16:14","guid":{"rendered":"https:\/\/www.unifsa.com.br\/cbcs2021\/?page_id=181"},"modified":"2021-04-23T10:51:53","modified_gmt":"2021-04-23T13:51:53","slug":"comite-de-programacao","status":"publish","type":"page","link":"https:\/\/www.unifsa.com.br\/cbcs2021\/comite-de-programacao\/","title":{"rendered":"Comit\u00ea de Programa\u00e7\u00e3o"},"content":{"rendered":"\n<p><strong>COORDENA\u00c7\u00c3O<\/strong><br>Prof. Dr. Alisson Dias Gomes <br><br><strong>MEMBROS<br><\/strong>Profa. Me. Antonieta Lira e Silva<br>Profa. Dra. Liana Dantas Costa e Silva Barbosa<br>Profa. Esp. Roberta Mara Ara\u00fajo Oliveira<\/p>\n","protected":false},"excerpt":{"rendered":"<p>COORDENA\u00c7\u00c3OProf. Dr. Alisson Dias Gomes MEMBROSProfa. Me. Antonieta Lira e SilvaProfa. Dra. Liana Dantas Costa e Silva BarbosaProfa. Esp. Roberta Mara Ara\u00fajo Oliveira<\/p>\n","protected":false},"author":2,"featured_media":0,"parent":0,"menu_order":0,"comment_status":"closed","ping_status":"closed","template":"","meta":{"footnotes":""},"class_list":["post-181","page","type-page","status-publish","hentry"],"_links":{"self":[{"href":"https:\/\/www.unifsa.com.br\/cbcs2021\/wp-json\/wp\/v2\/pages\/181","targetHints":{"allow":["GET"]}}],"collection":[{"href":"https:\/\/www.unifsa.com.br\/cbcs2021\/wp-json\/wp\/v2\/pages"}],"about":[{"href":"https:\/\/www.unifsa.com.br\/cbcs2021\/wp-json\/wp\/v2\/types\/page"}],"author":[{"embeddable":true,"href":"https:\/\/www.unifsa.com.br\/cbcs2021\/wp-json\/wp\/v2\/users\/2"}],"replies":[{"embeddable":true,"href":"https:\/\/www.unifsa.com.br\/cbcs2021\/wp-json\/wp\/v2\/comments?post=181"}],"version-history":[{"count":6,"href":"https:\/\/www.unifsa.com.br\/cbcs2021\/wp-json\/wp\/v2\/pages\/181\/revisions"}],"predecessor-version":[{"id":379,"href":"https:\/\/www.unifsa.com.br\/cbcs2021\/wp-json\/wp\/v2\/pages\/181\/revisions\/379"}],"wp:attachment":[{"href":"https:\/\/www.unifsa.com.br\/cbcs2021\/wp-json\/wp\/v2\/media?parent=181"}],"curies":[{"name":"wp","href":"https:\/\/api.w.org\/{rel}","templated":true}]}}