{"id":122,"date":"2021-02-18T10:21:12","date_gmt":"2021-02-18T13:21:12","guid":{"rendered":"https:\/\/www.unifsa.com.br\/cbcs2021\/?page_id=122"},"modified":"2021-10-01T18:59:33","modified_gmt":"2021-10-01T21:59:33","slug":"submissao","status":"publish","type":"page","link":"https:\/\/www.unifsa.com.br\/cbcs2021\/submissao\/","title":{"rendered":"Submiss\u00e3o"},"content":{"rendered":"\n<p><\/p>\n\n\n\n<p class=\"texto-justificado\"><strong>CHAMADA P\u00daBLICA PARA SUBMISS\u00c3O DE TRABALHOS NOS GRUPOS TEM\u00c1TICOS DO 2\u00ba CONGRESSO BRASILEIRO CI\u00caNCIA E SOCIEDADE<\/strong> (<strong>EDITAL N\u00ba 07\/ 2021<\/strong>)<br><br><strong>1 APRESENTA\u00c7\u00c3O<\/strong> <br>O Centro Universit\u00e1rio Santo Agostinho torna p\u00fablico o Edital de Submiss\u00e3o de Trabalhos para os Grupos Tem\u00e1ticos do <strong>2\u00ba Congresso Brasileiro Ci\u00eancia e Sociedade<\/strong>, com a tem\u00e1tica Conhecimento e Tecnologia para o Desenvolvimento Social, que ser\u00e1 realizado de 4 a 7 de outubro de 2021. <br>As atividades de apresenta\u00e7\u00e3o de pesquisas cient\u00edficas ser\u00e3o realizadas em sess\u00f5es coordenadas denominadas de Grupos Tem\u00e1ticos, espa\u00e7os de interlocu\u00e7\u00e3o sobre um subcampo do conhecimento ou especialidade, onde pesquisadores com interesses acad\u00eamicos em comum podem debater as pesquisas. <br>Os Grupos Tem\u00e1ticos ser\u00e3o desenvolvidos de forma remota e os trabalhos ser\u00e3o apresentados de forma virtual, por meio das plataformas de comunica\u00e7\u00e3o s\u00edncrona<strong>.<\/strong><\/p>\n\n\n\n<p><strong>2 OBJETIVOS<\/strong> <br>O 2\u00ba Congresso Brasileiro Ci\u00eancia e Sociedade t\u00eam como objetivo favorecer o trabalho em conjunto de pesquisadores em torno de subcampos do conhecimento e\/ou de especialidades, visando contribuir para o desenvolvimento cient\u00edfico bem como tamb\u00e9m para cria\u00e7\u00e3o de v\u00ednculos acad\u00eamicos e investigativos por meio da amplia\u00e7\u00e3o de <em>networking<\/em>. Por meio dos marcadores Conhecimento e Tecnologia para o Desenvolvimento Social, o 2\u00ba CBCS nortear\u00e1 suas contribui\u00e7\u00f5es acad\u00eamicas para o bem-estar social.<\/p>\n\n\n\n<p><strong><br>3 P\u00daBLICO ALVO<\/strong><br>Pesquisadores, docentes, graduados, estudantes de Gradua\u00e7\u00e3o e de P\u00f3s-Gradua\u00e7\u00e3o de Institui\u00e7\u00f5es de Ensino Superior e profissionais.<br><strong><br>4 CRONOGRAMA<\/strong> <br>Realiza\u00e7\u00e3o: de 4 a 7 de outubro de 2021.<\/p>\n\n\n\n<figure class=\"wp-block-table\"><table><tbody><tr><td><strong>ETAPAS<\/strong><\/td><td><strong>PRAZOS<\/strong><\/td><\/tr><tr><td>&nbsp; INSCRI\u00c7\u00c3O DE PARTICIPANTES NO 2\u00ba CBCS &nbsp;<\/td><td>de 15 de mar\u00e7o a 4 de outubro de 2021<\/td><\/tr><tr><td><strong>&nbsp;<\/strong> <strong>SUBMISS\u00c3O DE TRABALHOS NOS GTs(*)<\/strong> <strong>&nbsp;<\/strong><\/td><td><strong>at\u00e9 15 setembro\/2021 (prorrogado)<\/strong><\/td><\/tr><tr><td>&nbsp; FINALIZA\u00c7\u00c3O DAS AVALIA\u00c7\u00d5ES DE TRABALHO &nbsp;<\/td><td>at\u00e9 25 de setembro de 2021<\/td><\/tr><tr><td><strong>&nbsp;<\/strong> <strong>APRESENTA\u00c7\u00c3O DE TRABALHOS NOS<\/strong> <strong>GRUPOS TEM\u00c1TICOS do 2\u00ba CBCS<\/strong> <strong>&nbsp;<\/strong><\/td><td><strong>7 de outubro de 2021<\/strong><\/td><\/tr><\/tbody><\/table><figcaption>(*) \u00e9 necess\u00e1rio inscrever-se no 2\u00ba CBCS antes de efetuar a submiss\u00e3o dos trabalhos.<\/figcaption><\/figure>\n\n\n\n<p><\/p>\n\n\n\n<p><strong>5. MODALIDADES DE PARTICIPA\u00c7\u00c3O NO 2\u00ba CBCS<\/strong> <br>* Participante (ouvinte) <br>* Autor\/Relator<\/p>\n\n\n\n<p><strong>5.1 INSCRI\u00c7\u00d5ES NAS MODALIDADES DE PARTICIPA\u00c7\u00c3O<\/strong> <br><strong>5.1.1 CATEGORIA PARTICIPANTE<\/strong> <br><strong>5.1.1.1 Todos o(a)s participantes do 2\u00ba CBCS devem se inscrever no portal do evento. <\/strong>A inscri\u00e7\u00e3o no 2\u00ba <strong>CBCS <\/strong>s\u00f3 ser\u00e1 efetivada mediante pagamento da taxa de inscri\u00e7\u00e3o. A taxa de inscri\u00e7\u00e3o assegura ao participante o direito de participar do evento, como ouvinte, coordenador(a) de GT, debatedor(a), apresentador(a) ou como coautor(a) de trabalho.<\/p>\n\n\n\n<p><strong>5.1.1.2 <\/strong>Certificados de participantes (ouvintes).Somente o(a)s participantes com inscri\u00e7\u00e3o efetivada ter\u00e3o direito aos certificados, com carga hor\u00e1ria de 40h. Os certificados desta categoria ser\u00e3o disponibilizados na plataforma do congresso, ap\u00f3s a sua conclus\u00e3o.<\/p>\n\n\n\n<p><strong>5.1.2 CATEGORIA AUTOR(A)<\/strong> <br><strong>5.1.2.1<\/strong> As apresenta\u00e7\u00f5es de trabalhos para o <strong>2\u00ba<\/strong> <strong>CBCS <\/strong>ser\u00e3o na modalidade comunica\u00e7\u00e3o oral em sess\u00f5es denominadas Grupos Tem\u00e1ticos, que re\u00fanem pesquisadores em torno de temas comuns. Podem se inscrever nessa modalidade profissionais, egressos, estudantes de gradua\u00e7\u00e3o e de p\u00f3s-gradua\u00e7\u00e3o, pesquisadores, p\u00f3s-graduados (especialistas, mestres e doutores). Todos os autores do trabalho dever\u00e3o estar inscritos no evento. <br><strong>5.1.2.2<\/strong> Certificados de apresenta\u00e7\u00e3o de pesquisas (autoria). Ap\u00f3s a apresenta\u00e7\u00e3o dos referidos trabalhos (de forma remota), os certificados de autoria ser\u00e3o enviados ao e-mail dos autores e disponibilizados por meio da plataforma do evento. Somente o(a)s autores com inscri\u00e7\u00e3o efetivada ter\u00e3o direito aos certificados nessa categoria. Os certificados desta categoria tamb\u00e9m ser\u00e3o disponibilizados na plataforma do congresso, ap\u00f3s a sua conclus\u00e3o.<\/p>\n\n\n\n<p><strong>6. ORIENTA\u00c7\u00c3O PARA SUBMISS\u00c3O DE TRABALHOS NOS GRUPOS TEM\u00c1TICOS (GT)<\/strong> <br><strong>6.1 Somente o(a)s participantes inscritos, ap\u00f3s a compensa\u00e7\u00e3o do pagamento da taxa de inscri\u00e7\u00e3o, poder\u00e3o submeter trabalhos cient\u00edficos ao 2\u00ba CBCS<\/strong>. <br>6.2 A submiss\u00e3o do trabalho em um Grupo Tem\u00e1tico de interesse dever\u00e1 ser feita na \u00e1rea do congressista, na plataforma do evento. Ressalta-se que o(a) coordenador(a) do GT (seja ele principal ou adjunto) N\u00c3O poder\u00e1 apresentar e publicar no seu pr\u00f3prio grupo. \u00c9 permitido aos coordenadores submeterem trabalhos em outros GTs. <br>6.3 O(a)s participantes inscritos s\u00f3 ter\u00e3o direito a submiss\u00e3o de no m\u00e1ximo 2 (dois) artigos. O limite m\u00e1ximo de autores por trabalho ser\u00e1 de cinco (5) autores, incluindo o(a) orientador(a). 6.4 Tipos de trabalhos aceitos em Grupo de Trabalho (GT) do 2\u00ba<strong>CBCS<\/strong>: <br>a) Trabalho Original: o trabalho deve ser uma contribui\u00e7\u00e3o original, resultante de pesquisa de campo ou estudos cl\u00ednicos, que tragam contribui\u00e7\u00f5es efetivas e inovadoras para um campo espec\u00edfico do conhecimento. A an\u00e1lise e a interpreta\u00e7\u00e3o dos dados coletados devem apresentar fundamenta\u00e7\u00e3o te\u00f3rica consistente, objetivando compreender e explicar o problema pesquisado. <br>b) Revis\u00e3o Bibliogr\u00e1fica \/ Revis\u00e3o de Literatura \/ Reflex\u00e3o Te\u00f3rica: an\u00e1lises cr\u00edticas, revis\u00f5es te\u00f3ricas, revis\u00f5es sistem\u00e1ticas ou integrativas, discutindo e aprofundando temas de uma determinada \u00e1rea do conhecimento. <br>c) Estudo de Caso: estudos anal\u00edticos sobre fen\u00f4menos sociais complexos, especificando, se poss\u00edvel, o m\u00e9todo, planejamento, abordagens espec\u00edficas \u00e0 coleta e an\u00e1lise de dados. <br>d) Relato de Experi\u00eancia: descri\u00e7\u00e3o de uma viv\u00eancia acad\u00eamica ou profissional, devidamente relacionada \u00e0 reflex\u00e3o te\u00f3rica, de maneira a contribuir para a discuss\u00e3o, a troca de conhecimentos e a proposi\u00e7\u00e3o de novas ideias, bem como a exposi\u00e7\u00e3o de dificuldades, enfrentamentos e solu\u00e7\u00f5es encontradas no campo da pesquisa.<\/p>\n\n\n\n<p><strong>6.5 Declara\u00e7\u00e3o do Conselho de \u00c9tica <\/strong><br>O(a)s autores de artigos que envolvem pesquisa com seres humanos e animais devem indicar, no corpo do texto, na descri\u00e7\u00e3o dos procedimentos metodol\u00f3gicos, os protocolos adequados \u00e0s normas \u00e9ticas da comiss\u00e3o respons\u00e1vel pela experimenta\u00e7\u00e3o humana (institucional e nacional) e de animais, com o n\u00famero de aprova\u00e7\u00e3o pelo CEP\/CONEP e pela CEUA.<\/p>\n\n\n\n<p><strong>7 ESTRUTURA DO TRABALHO CIENT\u00cdFICO<\/strong> <br>7.1.1 A submiss\u00e3o ser\u00e1 no formato Trabalho Completo. Para efeitos de publica\u00e7\u00e3o, o arquivo deve ser constru\u00eddo usando o <em>template <\/em>padr\u00e3o do<strong> 2\u00ba CBCS<\/strong>, e submetido no formato pdf no Sistema do Congresso. <br>7.1.2.Os trabalhos submetidos ao <strong>2\u00baCBCS <\/strong>devem ser constru\u00eddos seguindo as normativas: <br>\u2022 O t\u00edtulo deve ser em fonte calibri tamanho 14, centralizado e negritado. <br>\u2022 O(a)s autores, em fonte tamanho 11, devem ser alinhados \u00e0 direita por ordem de import\u00e2ncia e contribui\u00e7\u00e3o para a pesquisa, sendo as suas institui\u00e7\u00f5es identificadas pelas siglas. Cada autor(a) deve ter suas credenciais acad\u00eamicas sinteticamente informadas por meio de nota de rodap\u00e9 (titula\u00e7\u00e3o acad\u00eamica, institui\u00e7\u00e3o de ensino que representa e e-mail de contato). <br>\u2022 Resumo (simples) <strong>m\u00e1ximo 150 palavras<\/strong>, e palavras-chave (m\u00ednimo de tr\u00eas e m\u00e1ximo de 5 palavras, separadas por ponto) + resumo em uma (1) l\u00edngua estrangeira \u00e0 escolha: abstract ou summary, em ingl\u00eas; resumen, em espanhol; r\u00e9sum\u00e9, em franc\u00eas etc.; Palavras-chave na l\u00edngua estrangeira escolhida (keywords, em ingl\u00eas; palabras clave, em espanhol; mots clefs, em franc\u00eas). <br>\u2022 O trabalho deve contemplar, em sua estrutura, as seguintes se\u00e7\u00f5es norteadoras (n\u00e3o necessariamente nomeadas desta forma): Introdu\u00e7\u00e3o; Metodologia\/Material e M\u00e9todos; Resultados e Discuss\u00e3o; Considera\u00e7\u00f5es finais\/conclus\u00f5es, e Refer\u00eancias. <br>\u2022 Todos os t\u00f3picos que intitulam se\u00e7\u00f5es do trabalho (RESUMO, INTRODU\u00c7\u00c3O, etc.) devem ser escritos em mai\u00fasculas, em negrito, n\u00e3o numerados e sem uso de sinais de dois pontos. <br>O Trabalho deve ter, no m\u00e1ximo, doze (12) p\u00e1ginas, com formata\u00e7\u00e3o do trabalho completo em formato A4 (210 x 297 mm), com orienta\u00e7\u00e3o retrato, margens esquerda e direita iguais a 3,0 cm e as demais, iguais a 2,5 cm; <br>\u2022 P\u00e1ginas numeradas (abaixo e \u00e0 direita) e linhas, iniciando a cada p\u00e1gina. <br>\u2022 Fonte (tipo): calibri, fonte tamanho 14 para o t\u00edtulo; fonte tamanho 11 para autores e texto do resumo (espa\u00e7amento simples); fonte tamanho 12 para o corpo do trabalho (espa\u00e7amento 1,5 cm); fonte tamanho 10 (espa\u00e7amento simples) para cita\u00e7\u00f5es com mais de tr\u00eas linhas, notas de rodap\u00e9, pagina\u00e7\u00e3o, legendas das ilustra\u00e7\u00f5es e tabelas e para as refer\u00eancias fonte tamanho 12 (espa\u00e7amento simples).  \u2022 Espa\u00e7amento entre as linhas para o corpo do texto: 1,5 cm (com exce\u00e7\u00e3o, cita\u00e7\u00e3o recuada). <br>\u2022 O texto do trabalho dever\u00e1 ter alinhamento justificado (alinhado, igualmente, \u00e0 esquerda e \u00e0 direita). <br>\u2022 Gr\u00e1ficos e tabelas devem ser inseridos no texto do trabalho como objetos ou figuras (copiar, colar especial), centralizados. Os t\u00edtulos de gr\u00e1ficos\/tabelas devem ser inscritos no topo, indicando a natureza e as abrang\u00eancias geogr\u00e1fica e\/ou temporal dos dados num\u00e9ricos apresentados. A fonte dos dados deve ser indicada logo abaixo dos gr\u00e1ficos e tabelas. Esta informa\u00e7\u00e3o \u00e9 obrigat\u00f3ria ainda que a tabela tenha sido elaborada pelos\/as autores\/as. <br>\u2022 As refer\u00eancias das fontes e documentos efetivamente citados no trabalho, devem obedecer a NBR 6023, Informa\u00e7\u00e3o e documenta\u00e7\u00e3o \u2013 Refer\u00eancias \u2013 Elabora\u00e7\u00e3o (ABNT NBR6023, 2018), sendo registradas em lista ordenada alfabeticamente. Documentos utilizados como suporte para a elabora\u00e7\u00e3o do trabalho, como dicion\u00e1rios gerais, normas para apresenta\u00e7\u00e3o, entre outros, n\u00e3o precisam constar nas refer\u00eancias.<\/p>\n\n\n\n<p><strong>7.1.3 Corre\u00e7\u00f5es e ajustes no trabalho: <\/strong><br>\u2022 Corre\u00e7\u00e3o do arquivo do trabalho: eventualmente, a coordena\u00e7\u00e3o do GT poder\u00e1 pedir modifica\u00e7\u00f5es no trabalho. O trabalho corrigido deve ser novamente postado na plataforma, em formato pdf, dentro do prazo especificado pelo coordenador(a) de GT e de acordo com o cronograma do evento, sob pena de n\u00e3o ser apresentado e nem publicado nos <strong>ANAIS do 2\u00baCBCS<\/strong>. Antes da submiss\u00e3o, todos os trabalhos devem ser cuidadosamente revisados quanto \u00e0s normativas da l\u00edngua portuguesa e regras ABNT NBR6023, 2018), antes da submiss\u00e3o. <br>\u2022 Trabalhos que n\u00e3o estejam dentro das normas especificadas neste edital n\u00e3o ser\u00e3o publicados nos ANAIS do 2\u00ba CBCS.<\/p>\n\n\n\n<p><strong>7.1.4 PUBLICA\u00c7\u00d5ES DO<\/strong> <strong>2\u00ba CBCS:<\/strong> <br>\u2022 Os Anais do 2\u00ba CBCS (<em>proceedings<\/em>) ser\u00e3o digitais, sendo identificados pelo ISBN <em>(International Standard Book Number<\/em>) e pelo DOI (<em>Digital Object Identifier<\/em>), os mais conhecidos identificadores de livros, revistas, peri\u00f3dicos e obras eletr\u00f4nicas acad\u00eamicas. O trabalho aprovado ser\u00e1 publicado nos Anais do 2\u00ba CBCS com um identificador DOI, sendo catalogado no reposit\u00f3rio do evento por meio de links permanentes. A URL de cada trabalho pode ser compartilhada por meio digital.<\/p>\n\n\n\n<p>O identificador DOI garante a identidade un\u00edvoca de propriedade intelectual, permitindo a sua localiza\u00e7\u00e3o em bancos de dados acad\u00eamicos e cient\u00edficos em \u00e2mbito internacional. Os usu\u00e1rios da Plataforma Lattes podem localizar os seus trabalhos pelo identificador DOI, preenchendo automaticamente as informa\u00e7\u00f5es sobre o trabalho.<\/p>\n\n\n\n<p>Os Anais do 2\u00ba CBCS ser\u00e3o <em>\u201cOpen Access\u201d<\/em>, sendo o acesso aos trabalhos publicados livre, irrestrito e gratuito. Esse procedimento garantir\u00e1 a visibilidade, acessibilidade e difus\u00e3o dos resultados da atividade cient\u00edfica, potencializando o seu impacto na comunidade cient\u00edfica internacional.<br>A plataforma do 2\u00ba CBCS vincular\u00e1 o seu trabalho ao Google e ao Google Acad\u00eamico, favorecendo o melhor posicionamento de sua pesquisa no \u00e2mbito acad\u00eamico e cient\u00edfico mundial. <br>\u2022 PREMIA\u00c7\u00c3O: o melhor trabalho de cada GT do 2\u00ba CBCS, indicado formalmente pelos coordenadores de GTs, ser\u00e1 publicado numa edi\u00e7\u00e3o na Revista FSA, peri\u00f3dico multidisciplinar com Qualis\/Capes B2. A edi\u00e7\u00e3o ficar\u00e1 disponibilizada, tamb\u00e9m, no site de publica\u00e7\u00f5es cient\u00edficas e acad\u00eamicas do 2\u00ba CBCS. Cada GT indicar\u00e1 somente um \u00fanico trabalho. <\/p>\n\n\n\n<p><strong>8 Normas gerais para a apresenta\u00e7\u00e3o oral do trabalho no GT:<\/strong> <br>\u2022 Data e hor\u00e1rio de apresenta\u00e7\u00e3o: os trabalhos ser\u00e3o apresentados impreterivelmente no dia 07 de outubro de 2021, quinta-feira, no hor\u00e1rio e na modalidade definida pelo GT, por meio das plataformas de comunica\u00e7\u00e3o s\u00edncronas, em hor\u00e1rios e salas definidos no site do evento. A apresenta\u00e7\u00e3o dos trabalhos ser\u00e1 por videoconfer\u00eancia, por meio da Plataforma Blackboard, atrav\u00e9s do link de acesso ao GT. O(a) apresentador(a) dever\u00e1 estar na sala (virtual) indicada, pelo menos, 30 minutos antes do hor\u00e1rio indicado para a apresenta\u00e7\u00e3o. <br>Na apresenta\u00e7\u00e3o, o(a) apresentador(a) dever\u00e1 responsabilizar-se pelas condi\u00e7\u00f5es materiais, estruturais e contextuais que favore\u00e7am o desenvolvimento de sua apresenta\u00e7\u00e3o. A organiza\u00e7\u00e3o do 2\u00ba CBCS n\u00e3o se responsabilizar\u00e1 por qualquer tipo de preju\u00edzo decorrente de condi\u00e7\u00f5es estruturais\/materiais e\/ou contextuais adversos que n\u00e3o estejam vinculados \u00e0s atribui\u00e7\u00f5es e ao controle da respectiva organiza\u00e7\u00e3o. <br>O trabalho n\u00e3o apresentado, seja por problemas t\u00e9cnicos ou outros, n\u00e3o receber\u00e1 certifica\u00e7\u00e3o, n\u00e3o concorrer\u00e1 a premia\u00e7\u00e3o e n\u00e3o ter\u00e1 seu trabalho publicado nos anais.&nbsp;<br>Recomenda-se que na apresenta\u00e7\u00e3o seja utilizado o dispositivo de fones de ouvido para minimizar interfer\u00eancias que venham a prejudicar o processo de emiss\u00e3o e recep\u00e7\u00e3o das informa\u00e7\u00f5es auditivas da apresenta\u00e7\u00e3o. <br>Durante a apresenta\u00e7\u00e3o oral, a produ\u00e7\u00e3o dever\u00e1 ser exibida atrav\u00e9s de proje\u00e7\u00e3o de slides ser\u00e1 no formato <em>power point<\/em> (pptx), seguindo o <em>template <\/em>do evento dispon\u00edvel na plataforma. Os arquivos da referida apresenta\u00e7\u00e3o devem ser testados previamente. <br>\u2022 O tempo de apresenta\u00e7\u00e3o ser\u00e1 de 10 minutos no m\u00e1ximo. O tempo m\u00e1ximo para coment\u00e1rios e argui\u00e7\u00f5es dos debatedores ser\u00e1 de 10 minutos.<br>A data programada para apresenta\u00e7\u00e3o oral N\u00c3O poder\u00e1 ser alterada pelo(a) autor(a) e\/ou apresentador(a).<\/p>\n\n\n\n<p><strong>9 AVALIA\u00c7\u00c3O<\/strong> <br>Os trabalhos submetidos ao GT dever\u00e3o estar no formato Trabalho Completo, sendo analisados levando-se em considera\u00e7\u00e3o: <br>a) Coer\u00eancia do trabalho com a proposta do GT e suas contribui\u00e7\u00f5es te\u00f3ricas metodol\u00f3gicas para os temas estudados; <br>b) Relev\u00e2ncia, solidez te\u00f3rica, qualidade do texto e originalidade; <br>c) Pertin\u00eancia e inova\u00e7\u00e3o para as \u00e1reas de conhecimento abordadas; <br>d) Cumprimento das normas t\u00e9cnicas referentes a estrutura do trabalho cient\u00edfico.<\/p>\n\n\n\n<p><strong>10 INFORMA\u00c7\u00d5ES E CONTATO<\/strong> <br>A organiza\u00e7\u00e3o do 2\u00ba CBCS pode ser contatada no <strong>CENTRO UNIVERSIT\u00c1RIO SANTO AGOSTINHO (UNIFSA)<\/strong><\/p>\n\n\n\n<figure class=\"wp-block-table\"><table><tbody><tr><td><strong>Endere\u00e7o:<\/strong><\/td><td><strong>Telefones:<\/strong><strong><\/strong><\/td><\/tr><tr><td>Av. Valter Alencar, n\u00ba 665 Bairro S\u00e3o Pedro, Teresina \u2013 PI BRASIL<\/td><td>N\u00facleo de Comunica\u00e7\u00e3o: (86) 3215 \u2013 8721 N\u00facleo de Inicia\u00e7\u00e3o \u00e0 Pesquisa: (86) 3215-8700 &nbsp;<\/td><\/tr><tr><td><strong>Sites:<\/strong><strong><\/strong><\/td><td><strong>E-mail do evento:<\/strong><strong><\/strong><\/td><\/tr><tr><td><a href=\"http:\/\/www.unifsa.com.br\"><strong>www.unifsa.com.br<\/strong><\/a><strong><\/strong> <a href=\"http:\/\/www.unifsa.com.br\/cbcs2021\/\"><strong>www.unifsa.com.br\/cbcs2021\/<\/strong><\/a><strong><\/strong> &nbsp;<\/td><td>&nbsp; <a href=\"mailto:cics@unifsa.com.br\"><strong>cics@unifsa.com.br<\/strong><\/a><strong><\/strong><\/td><\/tr><\/tbody><\/table><\/figure>\n\n\n\n<p><strong>11 DAS DISPOSI\u00c7\u00d5ES FINAIS<\/strong> <br>O Comit\u00ea Organizador do 2\u00ba CBCS reserva-se no direito de resolver os casos omissos e as situa\u00e7\u00f5es n\u00e3o previstas nas normas expressas neste edital. <\/p>\n\n\n\n<div class=\"wp-block-buttons is-layout-flex wp-block-buttons-is-layout-flex\">\n<div class=\"wp-block-button\"><a class=\"wp-block-button__link has-luminous-vivid-amber-color has-text-color\" href=\"https:\/\/unifsa.com.br\/site\/wp-content\/uploads\/2021\/06\/Edital-de-Submissao-de-Trabalhos-para-GTs-2-CBCS-2021.pdf\">EDITAL DE SUBMISS\u00c3O CBCS 2021<\/a><\/div>\n\n\n\n<div class=\"wp-block-button\"><a class=\"wp-block-button__link has-white-color has-text-color\" href=\"https:\/\/unifsa.com.br\/site\/wp-content\/uploads\/2021\/06\/Edital-de-Submissao-de-Trabalhos-para-GTs-2-CBCS-2021.pdf\">Baixe aqui<\/a><\/div>\n<\/div>\n\n\n\n<figure class=\"wp-block-embed is-type-video is-provider-youtube wp-block-embed-youtube wp-embed-aspect-16-9 wp-has-aspect-ratio\"><div class=\"wp-block-embed__wrapper\">\n<iframe loading=\"lazy\" title=\"2\u00b0 CBCS - CONGRESSO BRASILEIRO CI\u00caNCIA E SOCIEDADE\" width=\"1220\" height=\"686\" src=\"https:\/\/www.youtube.com\/embed\/1ZZ6FazqYoY?feature=oembed\" frameborder=\"0\" allow=\"accelerometer; autoplay; clipboard-write; encrypted-media; gyroscope; picture-in-picture\" allowfullscreen><\/iframe>\n<\/div><\/figure>\n\n\n\n<p class=\"has-black-color has-luminous-vivid-amber-background-color has-text-color has-background\"><a rel=\"noreferrer noopener\" href=\"https:\/\/www.unifsa.com.br\/cbcs2021\/wp-content\/uploads\/2021\/07\/TUTORIAL-SUBMISSAO-cbcs-2021.pdf\" data-type=\"URL\" data-id=\"https:\/\/www.unifsa.com.br\/cbcs2021\/wp-content\/uploads\/2021\/07\/TUTORIAL-SUBMISSAO-cbcs-2021.pdf\" target=\"_blank\"><strong>TUTORIAL DE SUBMISS\u00c3O DE TRABALHOS NO CBCS 2021<\/strong> (BAIXE AQUI)<\/a><\/p>\n\n\n\n<div class=\"wp-block-buttons is-layout-flex wp-block-buttons-is-layout-flex\">\n<div class=\"wp-block-button\"><a class=\"wp-block-button__link has-vivid-red-background-color has-background\" href=\"https:\/\/www.unifsa.com.br\/cbcs2021\/grupos-tematicos\/\" target=\"_blank\" rel=\"noreferrer noopener\">ACESSE A OFERTA DE GRUPOS TEM\u00c1TICOS (GTS) DO CBCS 2021<\/a><\/div>\n\n\n\n<div class=\"wp-block-button\"><a class=\"wp-block-button__link\" href=\"https:\/\/www.unifsa.com.br\/cbcs2021\/grupos-tematicos\/\" target=\"_blank\" rel=\"noreferrer noopener\">GTS<\/a><\/div>\n<\/div>\n\n\n\n<h3 class=\"wp-block-heading\"><strong>SUBMISS\u00d5ES<\/strong> + <strong>COMUNICA\u00c7\u00c3O ORAL<\/strong><\/h3>\n\n\n\n<div class=\"wp-block-buttons is-layout-flex wp-block-buttons-is-layout-flex\">\n<div class=\"wp-block-button\"><a class=\"wp-block-button__link has-luminous-vivid-amber-color has-text-color\" href=\"https:\/\/www.unifsa.com.br\/cbcs2021\/wp-content\/uploads\/2021\/09\/Template-para-relatores-trabalhos-aprovados-no-2-CBCS.pptx\" target=\"_blank\" rel=\"noreferrer noopener\">BAIXE O TEMPLATE (APRESENTA\u00c7\u00c3O ORAL) <\/a><\/div>\n\n\n\n<div class=\"wp-block-button\"><a class=\"wp-block-button__link\" href=\"https:\/\/www.unifsa.com.br\/cbcs2021\/wp-content\/uploads\/2021\/09\/NORMAS-DE-APRESENTACAO-ORAL.pdf\" target=\"_blank\" rel=\"noreferrer noopener\">BAIXE AS ORIENTA\u00c7\u00d5ES SOBRE A COMUNICA\u00c7\u00c3O ORAL CBCS<\/a><\/div>\n\n\n\n<div class=\"wp-block-button\"><a class=\"wp-block-button__link has-luminous-vivid-amber-color has-text-color\" href=\"https:\/\/www.unifsa.com.br\/cbcs2021\/wp-content\/uploads\/2021\/08\/MODELO-SUBMISSAO-CBCS.2021-ok-1.docx\" target=\"_blank\" rel=\"noreferrer noopener\">BAIXE O TEMPLATE (MODELO DE SUBMISS\u00c3O) DO ARTIGO<\/a><\/div>\n<\/div>\n\n\n\n<div class=\"wp-block-file\"><a href=\"https:\/\/www.unifsa.com.br\/cbcs2021\/wp-content\/uploads\/2021\/09\/Template-para-relatores-trabalhos-aprovados-no-2-CBCS.pptx\">Template-para-relatores-trabalhos-aprovados-no-2-CBCS<\/a><a href=\"https:\/\/www.unifsa.com.br\/cbcs2021\/wp-content\/uploads\/2021\/09\/Template-para-relatores-trabalhos-aprovados-no-2-CBCS.pptx\" class=\"wp-block-file__button\" download>Baixar<\/a><\/div>\n\n\n\n<div data-wp-interactive=\"core\/file\" class=\"wp-block-file\"><object data-wp-bind--hidden=\"!state.hasPdfPreview\" hidden class=\"wp-block-file__embed\" data=\"https:\/\/www.unifsa.com.br\/cbcs2021\/wp-content\/uploads\/2021\/09\/NORMAS-DE-APRESENTACAO-ORAL.pdf\" type=\"application\/pdf\" style=\"width:100%;height:600px\" aria-label=\"Incorporado de Incorporado de NORMAS-DE-APRESENTACAO-ORAL..\"><\/object><a href=\"https:\/\/www.unifsa.com.br\/cbcs2021\/wp-content\/uploads\/2021\/09\/NORMAS-DE-APRESENTACAO-ORAL.pdf\">NORMAS-DE-APRESENTACAO-ORAL<\/a><a href=\"https:\/\/www.unifsa.com.br\/cbcs2021\/wp-content\/uploads\/2021\/09\/NORMAS-DE-APRESENTACAO-ORAL.pdf\" class=\"wp-block-file__button\" download>Baixar<\/a><\/div>\n\n\n\n<div class=\"wp-block-buttons is-layout-flex wp-block-buttons-is-layout-flex\">\n<div class=\"wp-block-button\"><a class=\"wp-block-button__link has-luminous-vivid-amber-color has-text-color\" href=\"https:\/\/callforpapers.galoa.com.br\/br\/realm\/cbcs-2021\/author\" target=\"_blank\" rel=\"noreferrer noopener\">FA\u00c7A A SUBMISS\u00c3O DE TRABALHOS<\/a><\/div>\n<\/div>\n\n\n\n<div data-wp-interactive=\"core\/file\" class=\"wp-block-file\"><object data-wp-bind--hidden=\"!state.hasPdfPreview\" hidden class=\"wp-block-file__embed\" data=\"https:\/\/www.unifsa.com.br\/cbcs2021\/wp-content\/uploads\/2021\/07\/TUTORIAL-SUBMISSAO-cbcs-2021.pdf\" type=\"application\/pdf\" style=\"width:100%;height:600px\" aria-label=\"Incorporado de Incorporado de TUTORIAL-SUBMISSAO-cbcs-2021..\"><\/object><a href=\"https:\/\/www.unifsa.com.br\/cbcs2021\/wp-content\/uploads\/2021\/07\/TUTORIAL-SUBMISSAO-cbcs-2021.pdf\">TUTORIAL-SUBMISSAO-cbcs-2021<\/a><a href=\"https:\/\/www.unifsa.com.br\/cbcs2021\/wp-content\/uploads\/2021\/07\/TUTORIAL-SUBMISSAO-cbcs-2021.pdf\" class=\"wp-block-file__button\" download>Baixar<\/a><\/div>\n","protected":false},"excerpt":{"rendered":"<p>CHAMADA P\u00daBLICA PARA SUBMISS\u00c3O DE TRABALHOS NOS GRUPOS TEM\u00c1TICOS DO 2\u00ba CONGRESSO BRASILEIRO CI\u00caNCIA E SOCIEDADE (EDITAL N\u00ba 07\/ 2021) 1 APRESENTA\u00c7\u00c3O O Centro Universit\u00e1rio Santo<span class=\"excerpt-hellip\"> [\u2026]<\/span><\/p>\n","protected":false},"author":1,"featured_media":0,"parent":0,"menu_order":0,"comment_status":"closed","ping_status":"closed","template":"","meta":{"footnotes":""},"class_list":["post-122","page","type-page","status-publish","hentry"],"_links":{"self":[{"href":"https:\/\/www.unifsa.com.br\/cbcs2021\/wp-json\/wp\/v2\/pages\/122","targetHints":{"allow":["GET"]}}],"collection":[{"href":"https:\/\/www.unifsa.com.br\/cbcs2021\/wp-json\/wp\/v2\/pages"}],"about":[{"href":"https:\/\/www.unifsa.com.br\/cbcs2021\/wp-json\/wp\/v2\/types\/page"}],"author":[{"embeddable":true,"href":"https:\/\/www.unifsa.com.br\/cbcs2021\/wp-json\/wp\/v2\/users\/1"}],"replies":[{"embeddable":true,"href":"https:\/\/www.unifsa.com.br\/cbcs2021\/wp-json\/wp\/v2\/comments?post=122"}],"version-history":[{"count":25,"href":"https:\/\/www.unifsa.com.br\/cbcs2021\/wp-json\/wp\/v2\/pages\/122\/revisions"}],"predecessor-version":[{"id":732,"href":"https:\/\/www.unifsa.com.br\/cbcs2021\/wp-json\/wp\/v2\/pages\/122\/revisions\/732"}],"wp:attachment":[{"href":"https:\/\/www.unifsa.com.br\/cbcs2021\/wp-json\/wp\/v2\/media?parent=122"}],"curies":[{"name":"wp","href":"https:\/\/api.w.org\/{rel}","templated":true}]}}