{"id":120,"date":"2021-02-18T10:20:27","date_gmt":"2021-02-18T13:20:27","guid":{"rendered":"https:\/\/www.unifsa.com.br\/cbcs2021\/?page_id=120"},"modified":"2021-08-20T12:15:36","modified_gmt":"2021-08-20T15:15:36","slug":"cronograma","status":"publish","type":"page","link":"https:\/\/www.unifsa.com.br\/cbcs2021\/cronograma\/","title":{"rendered":"Cronograma"},"content":{"rendered":"\n<figure class=\"wp-block-image size-large\"><img loading=\"lazy\" decoding=\"async\" width=\"999\" height=\"1024\" src=\"https:\/\/www.unifsa.com.br\/cbcs2021\/wp-content\/uploads\/2021\/04\/Cronograma-999x1024.jpg\" alt=\"\" class=\"wp-image-328\" srcset=\"https:\/\/www.unifsa.com.br\/cbcs2021\/wp-content\/uploads\/2021\/04\/Cronograma-999x1024.jpg 999w, https:\/\/www.unifsa.com.br\/cbcs2021\/wp-content\/uploads\/2021\/04\/Cronograma-293x300.jpg 293w, https:\/\/www.unifsa.com.br\/cbcs2021\/wp-content\/uploads\/2021\/04\/Cronograma-768x787.jpg 768w, https:\/\/www.unifsa.com.br\/cbcs2021\/wp-content\/uploads\/2021\/04\/Cronograma-1499x1536.jpg 1499w, https:\/\/www.unifsa.com.br\/cbcs2021\/wp-content\/uploads\/2021\/04\/Cronograma-1998x2048.jpg 1998w, https:\/\/www.unifsa.com.br\/cbcs2021\/wp-content\/uploads\/2021\/04\/Cronograma-142x146.jpg 142w, https:\/\/www.unifsa.com.br\/cbcs2021\/wp-content\/uploads\/2021\/04\/Cronograma-50x50.jpg 50w, https:\/\/www.unifsa.com.br\/cbcs2021\/wp-content\/uploads\/2021\/04\/Cronograma-73x75.jpg 73w\" sizes=\"auto, (max-width: 999px) 100vw, 999px\" \/><\/figure>\n\n\n\n<ul class=\"wp-block-list\"><li><strong>PRORROGA\u00c7\u00c3O SUBMISS\u00c3O DE TRABALHOS<\/strong><br>O Comit\u00ea Cient\u00edfico do CBCS 2021 aprovou uma prorroga\u00e7\u00e3o do prazo da submiss\u00e3o de trabalhos do dia 20 de agosto para a data de 15 de setembro de 2021.<br><\/li><\/ul>\n\n\n\n<p><\/p>\n","protected":false},"excerpt":{"rendered":"<p>PRORROGA\u00c7\u00c3O SUBMISS\u00c3O DE TRABALHOSO Comit\u00ea Cient\u00edfico do CBCS 2021 aprovou uma prorroga\u00e7\u00e3o do prazo da submiss\u00e3o de trabalhos do dia 20 de agosto para a data<span class=\"excerpt-hellip\"> [\u2026]<\/span><\/p>\n","protected":false},"author":1,"featured_media":0,"parent":0,"menu_order":0,"comment_status":"closed","ping_status":"closed","template":"","meta":{"footnotes":""},"class_list":["post-120","page","type-page","status-publish","hentry"],"_links":{"self":[{"href":"https:\/\/www.unifsa.com.br\/cbcs2021\/wp-json\/wp\/v2\/pages\/120","targetHints":{"allow":["GET"]}}],"collection":[{"href":"https:\/\/www.unifsa.com.br\/cbcs2021\/wp-json\/wp\/v2\/pages"}],"about":[{"href":"https:\/\/www.unifsa.com.br\/cbcs2021\/wp-json\/wp\/v2\/types\/page"}],"author":[{"embeddable":true,"href":"https:\/\/www.unifsa.com.br\/cbcs2021\/wp-json\/wp\/v2\/users\/1"}],"replies":[{"embeddable":true,"href":"https:\/\/www.unifsa.com.br\/cbcs2021\/wp-json\/wp\/v2\/comments?post=120"}],"version-history":[{"count":10,"href":"https:\/\/www.unifsa.com.br\/cbcs2021\/wp-json\/wp\/v2\/pages\/120\/revisions"}],"predecessor-version":[{"id":687,"href":"https:\/\/www.unifsa.com.br\/cbcs2021\/wp-json\/wp\/v2\/pages\/120\/revisions\/687"}],"wp:attachment":[{"href":"https:\/\/www.unifsa.com.br\/cbcs2021\/wp-json\/wp\/v2\/media?parent=120"}],"curies":[{"name":"wp","href":"https:\/\/api.w.org\/{rel}","templated":true}]}}